{"id":257,"date":"2021-01-05T10:41:49","date_gmt":"2021-01-05T09:41:49","guid":{"rendered":"http:\/\/eazymatic.be\/?page_id=257"},"modified":"2021-01-05T14:52:59","modified_gmt":"2021-01-05T13:52:59","slug":"veel-gestelde-vragen","status":"publish","type":"page","link":"https:\/\/eazymatic.be\/fr\/veel-gestelde-vragen\/","title":{"rendered":"Questions fr\u00e9quentes"},"content":{"rendered":"<div class=\"wp-block-group alignfull has-background-background-color has-background\"><div class=\"wp-block-group__inner-container is-layout-flow wp-block-group-is-layout-flow\">\n<div class=\"wp-block-jetpack-layout-grid alignfull column1-desktop-grid__span-3 column1-desktop-grid__start-2 column1-desktop-grid__row-1 column2-desktop-grid__span-6 column2-desktop-grid__start-6 column2-desktop-grid__row-1 column1-tablet-grid__span-3 column1-tablet-grid__row-1 column2-tablet-grid__span-5 column2-tablet-grid__start-4 column2-tablet-grid__row-1 column1-mobile-grid__span-4 column1-mobile-grid__row-1 column2-mobile-grid__span-4 column2-mobile-grid__row-2\">\n<div class=\"wp-block-jetpack-layout-grid-column wp-block-jetpack-layout-grid__padding-none\">\n<figure class=\"wp-block-image size-large is-style-circle-mask\"><img data-recalc-dims=\"1\" fetchpriority=\"high\" decoding=\"async\" width=\"800\" height=\"450\" data-attachment-id=\"106\" data-permalink=\"https:\/\/eazymatic.be\/fr\/about\/7-service-technique-380978-format-16-91440desktop\/\" data-orig-file=\"https:\/\/i0.wp.com\/eazymatic.be\/wp-content\/uploads\/2020\/11\/7-service-technique-380978-format-16-940144040desktop.jpg?fit=1440%2C810&amp;ssl=1\" data-orig-size=\"1440,810\" data-comments-opened=\"1\" data-image-meta=\"{&quot;aperture&quot;:&quot;0&quot;,&quot;credit&quot;:&quot;&quot;,&quot;camera&quot;:&quot;&quot;,&quot;caption&quot;:&quot;&quot;,&quot;created_timestamp&quot;:&quot;0&quot;,&quot;copyright&quot;:&quot;&quot;,&quot;focal_length&quot;:&quot;0&quot;,&quot;iso&quot;:&quot;0&quot;,&quot;shutter_speed&quot;:&quot;0&quot;,&quot;title&quot;:&quot;&quot;,&quot;orientation&quot;:&quot;0&quot;}\" data-image-title=\"7-service-technique-380978-format-16-9@1440@desktop\" data-image-description=\"\" data-image-caption=\"\" data-large-file=\"https:\/\/i0.wp.com\/eazymatic.be\/wp-content\/uploads\/2020\/11\/7-service-technique-380978-format-16-940144040desktop.jpg?fit=800%2C450&amp;ssl=1\" src=\"https:\/\/i0.wp.com\/eazymatic.be\/wp-content\/uploads\/2020\/11\/7-service-technique-380978-format-16-940144040desktop.jpg?resize=800%2C450&#038;ssl=1\" alt=\"\" class=\"wp-image-106\" \/><\/figure>\n\n\n\n<p class=\"has-small-font-size wp-block-paragraph\">Contactez-nous via le formulaire de contact ou appelez le 0479\/70 02 37 pour toutes vos questions <\/p>\n<\/div>\n\n\n\n<div class=\"wp-block-jetpack-layout-grid-column wp-block-jetpack-layout-grid__padding-none\">\n<h6 class=\"wp-block-heading\">Avez-vous une question technique? Une question sur un devis, un entretien, votre portail ne veut plus se fermer ou l&#039;\u00e9metteur ne fonctionne plus ? <\/h6>\n\n\n\n<div style=\"height:32px;\" aria-hidden=\"true\" class=\"wp-block-spacer\"><\/div>\n\n\n\n<h4 class=\"wp-block-heading\">Votre portail ne ferme plus ?<\/h4>\n\n\n\n<p class=\"wp-block-paragraph\">V\u00e9rifiez les points suivants en cas de dysfonctionnement de votre automatisme :<\/p>\n\n\n\n<ul class=\"wp-block-list\"><li>V\u00e9rifier si l&#039;\u00e9lectricit\u00e9 est toujours pr\u00e9sente (fusibles)<\/li><li>Les photocellules sont-elles libres (branches, feuilles ou insectes sur ou dans la photocellule)<\/li><li>Les moteurs sont-ils en mode automatique (d\u00e9verrouillage manuel non actionn\u00e9)<\/li><li>Le portail peut-il \u00eatre d\u00e9plac\u00e9 manuellement lorsqu&#039;il est d\u00e9verrouill\u00e9\u00a0?<\/li><li>La porte vacille-t-elle au sol ou est-elle gel\u00e9e ?<\/li><\/ul>\n\n\n\n<p class=\"wp-block-paragraph\"><\/p>\n\n\n\n<h4 class=\"wp-block-heading\">Le ou les \u00e9metteurs ne fonctionnent plus ?<\/h4>\n\n\n\n<p class=\"wp-block-paragraph\">Si la LED de l&#039;\u00e9metteur s&#039;allume (bri\u00e8vement), la batterie fonctionne toujours. L&#039;\u00e9metteur peut \u00eatre reprogramm\u00e9 si vous ouvrez le bo\u00eetier de commande du syst\u00e8me d&#039;automatisation (ou le bo\u00eetier du moteur dans certains types). Ici vous pouvez trouver le r\u00e9cepteur. L&#039;\u00e9metteur peut ensuite \u00eatre facilement reprogramm\u00e9 en appuyant sur un bouton du r\u00e9cepteur puis sur un bouton de votre \u00e9metteur.<\/p>\n\n\n\n<h4 class=\"wp-block-heading\">Garantie<\/h4>\n\n\n\n<p class=\"wp-block-paragraph\">Il y a une garantie de 2 ans sur tous les moteurs et commandes. Bien entendu, pass\u00e9 ce d\u00e9lai, vous pourrez toujours compter sur notre service apr\u00e8s-vente professionnel. Nos moteurs sont tr\u00e8s fiables et de haute qualit\u00e9.<\/p>\n\n\n\n<h4 class=\"wp-block-heading\">Des questions sur le d\u00e9pannage ou la maintenance ?<\/h4>\n\n\n\n<p class=\"wp-block-paragraph\">Les syst\u00e8mes d&#039;automatisation Eazymatic n\u00e9cessitent tr\u00e8s peu d&#039;entretien. Lors de la mise en service, ceux-ci sont correctement r\u00e9gl\u00e9s et lubrifi\u00e9s. Il est pr\u00e9f\u00e9rable de lubrifier annuellement votre portail avec de l&#039;huile de lubrification de cha\u00eene (WD40). Le syst\u00e8me de d\u00e9verrouillage manuel peut \u00e9galement \u00eatre test\u00e9 annuellement pour \u00e9viter que ce syst\u00e8me ne se bloque.<\/p>\n\n\n\n<div style=\"height:20px;\" aria-hidden=\"true\" class=\"wp-block-spacer\"><\/div>\n\n\n\n<h4 class=\"wp-block-heading\">Comment obtenir un devis gratuit ?<\/h4>\n\n\n\n<p class=\"wp-block-paragraph\">Vous pouvez toujours nous contacter pour obtenir un devis rapidement. Il est important de mentionner que vous souhaitez l&#039;automatisation d&#039;un portail coulissant ou battant ou d&#039;une porte de garage. Vous pouvez d\u00e9j\u00e0 mesurer (approximativement) la largeur et la hauteur de votre portail. Sur la base de ces informations, nous pouvons vous envoyer une indication de prix.<\/p>\n\n\n\n<div style=\"height:20px;\" aria-hidden=\"true\" class=\"wp-block-spacer\"><\/div>\n<\/div>\n<\/div>\n\n\n\n<div style=\"height:64px;\" aria-hidden=\"true\" class=\"wp-block-spacer\"><\/div>\n<\/div><\/div>\n\n\n\n<div class=\"wp-block-cover alignfull has-background-dim-30 has-background-dim\" style=\"background-image:url('https:\/\/a8ctm1.files.wordpress.com\/2020\/01\/you-x-ventures-6hdwaajudv8-unsplash-1.jpg');\"><div class=\"wp-block-cover__inner-container is-layout-flow wp-block-cover-is-layout-flow\">\n<div class=\"wp-block-jetpack-layout-grid alignfull column1-desktop-grid__span-8 column1-desktop-grid__start-3 column1-desktop-grid__row-1 column1-tablet-grid__span-8 column1-tablet-grid__row-1 column1-mobile-grid__span-4 column1-mobile-grid__row-1\">\n<div class=\"wp-block-jetpack-layout-grid-column wp-block-jetpack-layout-grid__padding-none\">\n<h2 class=\"has-text-align-center wp-block-heading\">Planifiez une visite pour un devis aujourd&#039;hui<\/h2>\n\n\n\n<div class=\"wp-block-buttons is-content-justification-center is-layout-flex wp-block-buttons-is-layout-flex\">\n<div class=\"wp-block-button aligncenter is-style-outline is-style-outline--1\"><a class=\"wp-block-button__link has-background-color has-text-color\" rel=\"#\">Planifier un rendez-vous<\/a><\/div>\n<\/div>\n<\/div>\n<\/div>\n<\/div><\/div>","protected":false},"excerpt":{"rendered":"<p>Contacteer ons via het contactformulier of bel 0479\/70 02 37 bij al uw vragen Heeft u een technische vraag? Een vraag over een offerte, een onderhoud, wil uw poort niet meer sluiten of werkt de zender niet meer? Uw poort wil niet meer sluiten? Bekijk volgende punten bij een foutieve werking van uw automatisatiesysteem: Kijk [&hellip;]<\/p>\n","protected":false},"author":113013063,"featured_media":0,"parent":0,"menu_order":0,"comment_status":"closed","ping_status":"closed","template":"","meta":{"_coblocks_attr":"","_coblocks_dimensions":"","_coblocks_responsive_height":"","_coblocks_accordion_ie_support":"","_crdt_document":"","footnotes":""},"class_list":["post-257","page","type-page","status-publish","hentry"],"yoast_head":"<!-- This site is optimized with the Yoast SEO plugin v27.4 - https:\/\/yoast.com\/product\/yoast-seo-wordpress\/ -->\n<title>Veel gestelde vragen - poortautomatisatie<\/title>\n<meta name=\"robots\" content=\"index, follow, max-snippet:-1, max-image-preview:large, max-video-preview:-1\" \/>\n<link rel=\"canonical\" href=\"https:\/\/eazymatic.be\/fr\/veel-gestelde-vragen\/\" \/>\n<meta property=\"og:locale\" content=\"fr_FR\" \/>\n<meta property=\"og:type\" content=\"article\" \/>\n<meta property=\"og:title\" content=\"Veel gestelde vragen - poortautomatisatie\" \/>\n<meta property=\"og:description\" content=\"Contacteer ons via het contactformulier of bel 0479\/70 02 37 bij al uw vragen Heeft u een technische vraag? Een vraag over een offerte, een onderhoud, wil uw poort niet meer sluiten of werkt de zender niet meer? Uw poort wil niet meer sluiten? Bekijk volgende punten bij een foutieve werking van uw automatisatiesysteem: Kijk [&hellip;]\" \/>\n<meta property=\"og:url\" content=\"https:\/\/eazymatic.be\/fr\/veel-gestelde-vragen\/\" \/>\n<meta property=\"og:site_name\" content=\"poortautomatisatie\" \/>\n<meta property=\"article:modified_time\" content=\"2021-01-05T13:52:59+00:00\" \/>\n<meta property=\"og:image\" content=\"https:\/\/eazymatic.be\/wp-content\/uploads\/2020\/11\/7-service-technique-380978-format-16-940144040desktop.jpg?w=750\" \/>\n<meta name=\"twitter:card\" content=\"summary_large_image\" \/>\n<meta name=\"twitter:label1\" content=\"Dur\u00e9e de lecture est.\" \/>\n\t<meta name=\"twitter:data1\" content=\"2 minutes\" \/>\n<script type=\"application\/ld+json\" class=\"yoast-schema-graph\">{\"@context\":\"https:\\\/\\\/schema.org\",\"@graph\":[{\"@type\":\"WebPage\",\"@id\":\"https:\\\/\\\/eazymatic.be\\\/veel-gestelde-vragen\\\/\",\"url\":\"https:\\\/\\\/eazymatic.be\\\/veel-gestelde-vragen\\\/\",\"name\":\"Veel gestelde vragen - poortautomatisatie\",\"isPartOf\":{\"@id\":\"https:\\\/\\\/eazymatic.be\\\/#website\"},\"primaryImageOfPage\":{\"@id\":\"https:\\\/\\\/eazymatic.be\\\/veel-gestelde-vragen\\\/#primaryimage\"},\"image\":{\"@id\":\"https:\\\/\\\/eazymatic.be\\\/veel-gestelde-vragen\\\/#primaryimage\"},\"thumbnailUrl\":\"https:\\\/\\\/eazymatic.be\\\/wp-content\\\/uploads\\\/2020\\\/11\\\/7-service-technique-380978-format-16-940144040desktop.jpg?w=750\",\"datePublished\":\"2021-01-05T09:41:49+00:00\",\"dateModified\":\"2021-01-05T13:52:59+00:00\",\"breadcrumb\":{\"@id\":\"https:\\\/\\\/eazymatic.be\\\/veel-gestelde-vragen\\\/#breadcrumb\"},\"inLanguage\":\"fr-BE\",\"potentialAction\":[{\"@type\":\"ReadAction\",\"target\":[\"https:\\\/\\\/eazymatic.be\\\/veel-gestelde-vragen\\\/\"]}]},{\"@type\":\"ImageObject\",\"inLanguage\":\"fr-BE\",\"@id\":\"https:\\\/\\\/eazymatic.be\\\/veel-gestelde-vragen\\\/#primaryimage\",\"url\":\"https:\\\/\\\/eazymatic.be\\\/wp-content\\\/uploads\\\/2020\\\/11\\\/7-service-technique-380978-format-16-940144040desktop.jpg?w=750\",\"contentUrl\":\"https:\\\/\\\/eazymatic.be\\\/wp-content\\\/uploads\\\/2020\\\/11\\\/7-service-technique-380978-format-16-940144040desktop.jpg?w=750\"},{\"@type\":\"BreadcrumbList\",\"@id\":\"https:\\\/\\\/eazymatic.be\\\/veel-gestelde-vragen\\\/#breadcrumb\",\"itemListElement\":[{\"@type\":\"ListItem\",\"position\":1,\"name\":\"Home\",\"item\":\"https:\\\/\\\/eazymatic.be\\\/\"},{\"@type\":\"ListItem\",\"position\":2,\"name\":\"Veel gestelde vragen\"}]},{\"@type\":\"WebSite\",\"@id\":\"https:\\\/\\\/eazymatic.be\\\/#website\",\"url\":\"https:\\\/\\\/eazymatic.be\\\/\",\"name\":\"poortautomatisatie\",\"description\":\"Installatie van poortopeners voor garagepoorten en hekkens\",\"publisher\":{\"@id\":\"https:\\\/\\\/eazymatic.be\\\/#organization\"},\"potentialAction\":[{\"@type\":\"SearchAction\",\"target\":{\"@type\":\"EntryPoint\",\"urlTemplate\":\"https:\\\/\\\/eazymatic.be\\\/?s={search_term_string}\"},\"query-input\":{\"@type\":\"PropertyValueSpecification\",\"valueRequired\":true,\"valueName\":\"search_term_string\"}}],\"inLanguage\":\"fr-BE\"},{\"@type\":\"Organization\",\"@id\":\"https:\\\/\\\/eazymatic.be\\\/#organization\",\"name\":\"poortautomatisatie\",\"url\":\"https:\\\/\\\/eazymatic.be\\\/\",\"logo\":{\"@type\":\"ImageObject\",\"inLanguage\":\"fr-BE\",\"@id\":\"https:\\\/\\\/eazymatic.be\\\/#\\\/schema\\\/logo\\\/image\\\/\",\"url\":\"https:\\\/\\\/i0.wp.com\\\/eazymatic.be\\\/wp-content\\\/uploads\\\/2020\\\/10\\\/logo-eazymatic4-e1639664404886.png?fit=350%2C71&ssl=1\",\"contentUrl\":\"https:\\\/\\\/i0.wp.com\\\/eazymatic.be\\\/wp-content\\\/uploads\\\/2020\\\/10\\\/logo-eazymatic4-e1639664404886.png?fit=350%2C71&ssl=1\",\"width\":350,\"height\":71,\"caption\":\"poortautomatisatie\"},\"image\":{\"@id\":\"https:\\\/\\\/eazymatic.be\\\/#\\\/schema\\\/logo\\\/image\\\/\"}}]}<\/script>\n<!-- \/ Yoast SEO plugin. -->","yoast_head_json":{"title":"Veel gestelde vragen - poortautomatisatie","robots":{"index":"index","follow":"follow","max-snippet":"max-snippet:-1","max-image-preview":"max-image-preview:large","max-video-preview":"max-video-preview:-1"},"canonical":"https:\/\/eazymatic.be\/fr\/veel-gestelde-vragen\/","og_locale":"fr_FR","og_type":"article","og_title":"Veel gestelde vragen - poortautomatisatie","og_description":"Contacteer ons via het contactformulier of bel 0479\/70 02 37 bij al uw vragen Heeft u een technische vraag? Een vraag over een offerte, een onderhoud, wil uw poort niet meer sluiten of werkt de zender niet meer? Uw poort wil niet meer sluiten? Bekijk volgende punten bij een foutieve werking van uw automatisatiesysteem: Kijk [&hellip;]","og_url":"https:\/\/eazymatic.be\/fr\/veel-gestelde-vragen\/","og_site_name":"poortautomatisatie","article_modified_time":"2021-01-05T13:52:59+00:00","og_image":[{"url":"https:\/\/eazymatic.be\/wp-content\/uploads\/2020\/11\/7-service-technique-380978-format-16-940144040desktop.jpg?w=750","type":"","width":"","height":""}],"twitter_card":"summary_large_image","twitter_misc":{"Dur\u00e9e de lecture est.":"2 minutes"},"schema":{"@context":"https:\/\/schema.org","@graph":[{"@type":"WebPage","@id":"https:\/\/eazymatic.be\/veel-gestelde-vragen\/","url":"https:\/\/eazymatic.be\/veel-gestelde-vragen\/","name":"Veel gestelde vragen - poortautomatisatie","isPartOf":{"@id":"https:\/\/eazymatic.be\/#website"},"primaryImageOfPage":{"@id":"https:\/\/eazymatic.be\/veel-gestelde-vragen\/#primaryimage"},"image":{"@id":"https:\/\/eazymatic.be\/veel-gestelde-vragen\/#primaryimage"},"thumbnailUrl":"https:\/\/eazymatic.be\/wp-content\/uploads\/2020\/11\/7-service-technique-380978-format-16-940144040desktop.jpg?w=750","datePublished":"2021-01-05T09:41:49+00:00","dateModified":"2021-01-05T13:52:59+00:00","breadcrumb":{"@id":"https:\/\/eazymatic.be\/veel-gestelde-vragen\/#breadcrumb"},"inLanguage":"fr-BE","potentialAction":[{"@type":"ReadAction","target":["https:\/\/eazymatic.be\/veel-gestelde-vragen\/"]}]},{"@type":"ImageObject","inLanguage":"fr-BE","@id":"https:\/\/eazymatic.be\/veel-gestelde-vragen\/#primaryimage","url":"https:\/\/eazymatic.be\/wp-content\/uploads\/2020\/11\/7-service-technique-380978-format-16-940144040desktop.jpg?w=750","contentUrl":"https:\/\/eazymatic.be\/wp-content\/uploads\/2020\/11\/7-service-technique-380978-format-16-940144040desktop.jpg?w=750"},{"@type":"BreadcrumbList","@id":"https:\/\/eazymatic.be\/veel-gestelde-vragen\/#breadcrumb","itemListElement":[{"@type":"ListItem","position":1,"name":"Home","item":"https:\/\/eazymatic.be\/"},{"@type":"ListItem","position":2,"name":"Veel gestelde vragen"}]},{"@type":"WebSite","@id":"https:\/\/eazymatic.be\/#website","url":"https:\/\/eazymatic.be\/","name":"automatisation de portail","description":"Installation d&#039;ouvre-portes pour portes de garage et portails","publisher":{"@id":"https:\/\/eazymatic.be\/#organization"},"potentialAction":[{"@type":"SearchAction","target":{"@type":"EntryPoint","urlTemplate":"https:\/\/eazymatic.be\/?s={search_term_string}"},"query-input":{"@type":"PropertyValueSpecification","valueRequired":true,"valueName":"search_term_string"}}],"inLanguage":"fr-BE"},{"@type":"Organization","@id":"https:\/\/eazymatic.be\/#organization","name":"automatisation de portail","url":"https:\/\/eazymatic.be\/","logo":{"@type":"ImageObject","inLanguage":"fr-BE","@id":"https:\/\/eazymatic.be\/#\/schema\/logo\/image\/","url":"https:\/\/i0.wp.com\/eazymatic.be\/wp-content\/uploads\/2020\/10\/logo-eazymatic4-e1639664404886.png?fit=350%2C71&ssl=1","contentUrl":"https:\/\/i0.wp.com\/eazymatic.be\/wp-content\/uploads\/2020\/10\/logo-eazymatic4-e1639664404886.png?fit=350%2C71&ssl=1","width":350,"height":71,"caption":"poortautomatisatie"},"image":{"@id":"https:\/\/eazymatic.be\/#\/schema\/logo\/image\/"}}]}},"jetpack_likes_enabled":true,"jetpack_sharing_enabled":true,"jetpack_shortlink":"https:\/\/wp.me\/PcrYjj-49","_links":{"self":[{"href":"https:\/\/eazymatic.be\/fr\/wp-json\/wp\/v2\/pages\/257","targetHints":{"allow":["GET"]}}],"collection":[{"href":"https:\/\/eazymatic.be\/fr\/wp-json\/wp\/v2\/pages"}],"about":[{"href":"https:\/\/eazymatic.be\/fr\/wp-json\/wp\/v2\/types\/page"}],"author":[{"embeddable":true,"href":"https:\/\/eazymatic.be\/fr\/wp-json\/wp\/v2\/users\/113013063"}],"replies":[{"embeddable":true,"href":"https:\/\/eazymatic.be\/fr\/wp-json\/wp\/v2\/comments?post=257"}],"version-history":[{"count":5,"href":"https:\/\/eazymatic.be\/fr\/wp-json\/wp\/v2\/pages\/257\/revisions"}],"predecessor-version":[{"id":282,"href":"https:\/\/eazymatic.be\/fr\/wp-json\/wp\/v2\/pages\/257\/revisions\/282"}],"wp:attachment":[{"href":"https:\/\/eazymatic.be\/fr\/wp-json\/wp\/v2\/media?parent=257"}],"curies":[{"name":"wp","href":"https:\/\/api.w.org\/{rel}","templated":true}]}}