{"id":1863,"date":"2022-08-14T17:41:05","date_gmt":"2022-08-14T15:41:05","guid":{"rendered":"https:\/\/eazymatic.be\/?page_id=1863"},"modified":"2022-08-14T17:44:35","modified_gmt":"2022-08-14T15:44:35","slug":"algemene-voorwaarden","status":"publish","type":"page","link":"https:\/\/eazymatic.be\/fr\/algemene-voorwaarden\/","title":{"rendered":"Termes et conditions"},"content":{"rendered":"<div data-elementor-type=\"wp-page\" data-elementor-id=\"1863\" class=\"elementor elementor-1863\">\n\t\t\t\t\t\t<section class=\"elementor-section elementor-top-section elementor-element elementor-element-19234d1 elementor-section-boxed elementor-section-height-default elementor-section-height-default\" data-id=\"19234d1\" data-element_type=\"section\" data-e-type=\"section\">\n\t\t\t\t\t\t<div class=\"elementor-container elementor-column-gap-default\">\n\t\t\t\t\t<div class=\"elementor-column elementor-col-100 elementor-top-column elementor-element elementor-element-564cc47\" data-id=\"564cc47\" data-element_type=\"column\" data-e-type=\"column\">\n\t\t\t<div class=\"elementor-widget-wrap elementor-element-populated\">\n\t\t\t\t\t\t<div class=\"elementor-element elementor-element-1bb5ef0 elementor-widget elementor-widget-text-editor\" data-id=\"1bb5ef0\" data-element_type=\"widget\" data-e-type=\"widget\" data-widget_type=\"text-editor.default\">\n\t\t\t\t<div class=\"elementor-widget-container\">\n\t\t\t\t\t\t\t\t\t<h3>CONDITIONS G\u00c9N\u00c9RALES D&#039;EX\u00c9CUTION DES SERVICES Rev:00-270598<\/h3>\n<ol>\n<li>Dispositions g\u00e9n\u00e9rales<\/li>\n<\/ol>\n<p>Les pr\u00e9sentes conditions g\u00e9n\u00e9rales d&#039;ex\u00e9cution des prestations sont valables pour tout devis \u00e9mis ou tout contrat stipul\u00e9 par Eazymatic avec un client dont le domicile est situ\u00e9 en Belgique. Chaque commande pass\u00e9e \u00e0 Eazymatic implique que le client accepte les pr\u00e9sentes conditions g\u00e9n\u00e9rales et renonce \u00e0 ses propres conditions g\u00e9n\u00e9rales d&#039;achat.<\/p>\n<ol start=\"2\">\n<li>\u00c9tendue du contenu de l&#039;offre<\/li>\n<\/ol>\n<p>Lorsqu&#039;Eazymatic a \u00e9mis une offre, les prix et conditions de cette offre sont exclusivement valables pour les prestations et livraisons compl\u00e9mentaires (qualit\u00e9 et quantit\u00e9) qui y sont pr\u00e9cis\u00e9es et, sauf mention expresse, restent valables pendant une dur\u00e9e de 30 jours.<\/p>\n<ol start=\"3\">\n<li>Cl\u00f4ture du contrat<\/li>\n<\/ol>\n<p>Le contrat n&#039;est valable que sous r\u00e9serve d&#039;acceptation expresse de la commande par Eazymatic. Toute modification du pr\u00e9sent contrat doit \u00eatre express\u00e9ment accept\u00e9e par Eazymatic.<\/p>\n<ol start=\"4\">\n<li>Livraison et prestation aux frais du client<\/li>\n<\/ol>\n<p>Sont \u00e0 la charge et sous l&#039;enti\u00e8re responsabilit\u00e9 du client :<\/p>\n<ul>\n<li>la source d&#039;\u00e9nergie demand\u00e9e par le personnel d&#039;Eazymatic. Ces derniers ne doivent pas \u00eatre contraints d&#039;utiliser une source d&#039;\u00e9nergie qui ne semble pas conforme \u00e0 la l\u00e9gislation.<\/li>\n<li>libre acc\u00e8s au lieu de travail,<\/li>\n<li>Ce faisant, le client acceptera les cons\u00e9quences des arr\u00eats ou d\u00e9mant\u00e8lements partiels de l&#039;ex\u00e9cution des prestations non imputables au personnel d&#039;Eazymatic.<\/li>\n<\/ul><div><br><\/div>\n<ol start=\"5\">\n<li>Les r\u00e8gles de s\u00e9curit\u00e9<\/li>\n<\/ol>\n<p>Pendant l&#039;ex\u00e9cution des travaux, le client n&#039;aura qu&#039;un usage partiel du portail.<\/p>\n<p>Le portail doit uniquement \u00eatre mis \u00e0 la disposition du personnel d&#039;Eazymatic pendant les travaux. Les inconv\u00e9nients r\u00e9sultant des travaux d&#039;installation sont \u00e0 la charge du client. L&#039;autorisation du client d&#039;ex\u00e9cuter les travaux \u00e0 la date convenue est donn\u00e9e par la signature de ce devis. Si nous ne sommes pas en mesure d&#039;installer votre kit d&#039;ouverture de portail pour des raisons de s\u00e9curit\u00e9 ou pour d&#039;autres raisons pratiques, nous nous r\u00e9servons le droit d&#039;annuler votre commande, m\u00eame si nous l&#039;avons d\u00e9j\u00e0 accept\u00e9e. Si nous le faisons, nous vous rembourserons les acomptes que vous nous avez d\u00e9j\u00e0 vers\u00e9s d\u00e8s que possible.<\/p>\n<ol start=\"6\">\n<li>Alimentation \/ changements<\/li>\n<\/ol>\n<p>Vous devez fournir une connexion appropri\u00e9e et l\u00e9galement approuv\u00e9e qui ne peut \u00eatre utilis\u00e9e que pour l&#039;ouvre-porte. S&#039;il n&#039;est pas disponible, vous devez prendre rendez-vous avant d&#039;installer les ouvre-portails. Si nous acceptons des travaux suppl\u00e9mentaires, nous emploierons une personne qualifi\u00e9e pour effectuer ces travaux, qui peut \u00eatre un sous-traitant.<\/p>\n<ol start=\"7\">\n<li>\u00c0 qui appartiennent les ouvre-portes\u00a0?<\/li>\n<\/ol>\n<p>Vous ne serez propri\u00e9taire des ouvre-portes que si vous nous avez pay\u00e9 tous les montants dus apr\u00e8s la commande. D&#039;ici l\u00e0, nous pouvons reprendre les ouvre-portails \u00e0 tout moment.<\/p>\n<p>&nbsp; &nbsp; &nbsp;8. Responsabilit\u00e9 d&#039;Eazymatic<\/p>\n<p>La responsabilit\u00e9 d&#039;Eazymatic vis-\u00e0-vis du client ne pourra \u00eatre engag\u00e9e qu&#039;en cas d&#039;erreurs av\u00e9r\u00e9es du personnel d&#039;Eazymatic lors de ses interventions. Cette responsabilit\u00e9 est limit\u00e9e aux dommages mat\u00e9riels caus\u00e9s aux appareils objet de la commande de la prestation.<\/p>\n<p><\/p>\n<p>Eazymatic ne pourra en aucun cas \u00eatre tenu responsable de tout<\/p>\n<p>dommages indirects et\/ou immat\u00e9riels. Il est entendu que le client, agissant en qualit\u00e9 de propri\u00e9taire ou pour le compte de ce dernier, conserve la surveillance et l&#039;enti\u00e8re responsabilit\u00e9 de l&#039;exploitation des mat\u00e9riels faisant l&#039;objet de l&#039;intervention.<\/p>\n<p>&nbsp; &nbsp; 9.Garantie<\/p>\n<p>Des garanties qui couvrent les performances<\/p>\n<p>Les prestations objet de la commande sont garanties pendant une dur\u00e9e de 24 mois \u00e0 compter de leur r\u00e9alisation. En cas de non-fonctionnement des mat\u00e9riels ou \u00e9quipements ayant fait l&#039;objet de la prestation, et sous r\u00e9serve que ces d\u00e9faillances soient imputables \u00e0 une erreur ou omission de la part d&#039;Eazymatic, la ou les pi\u00e8ces d\u00e9fectueuses pourront \u00eatre r\u00e9par\u00e9es ou remplac\u00e9es au d\u00e9triment de l&#039;Eazymatic.<\/p>\n<p><\/p>\n<p>&nbsp;&nbsp;&nbsp;&nbsp;&nbsp;&nbsp;&nbsp;&nbsp;&nbsp;&nbsp; Garanties qui couvrent les pi\u00e8ces de rechange<\/p>\n<p>Eazymatic s&#039;engage, en concertation avec le fabricant, \u00e0 rem\u00e9dier gratuitement \u00e0 tout non-fonctionnement r\u00e9sultant d&#039;un d\u00e9faut de fabrication, d&#039;ex\u00e9cution ou de conception, qui lui serait signal\u00e9 par le client dans les 24 mois suivant le remplacement du produit concern\u00e9. pi\u00e8ce. Cette garantie ne couvre que le remplacement ou la r\u00e9paration de l&#039;article sous garantie, ainsi que son d\u00e9montage et remontage. Toutefois, cette garantie en cours ne s&#039;applique pas aux d\u00e9fauts r\u00e9sultant de l&#039;usure normale, d&#039;une mauvaise utilisation ou d&#039;un mauvais entretien, si cet entretien n&#039;a pas \u00e9t\u00e9 effectu\u00e9 par Eazymatic. Eazymatic peut d\u00e9cider de remplacer les pi\u00e8ces de l&#039;ouvre-portail par un mod\u00e8le \u00e9quivalent. Nous vous contacterons pour vous demander si vous souhaitez souscrire un contrat de service avant la fin de la garantie de 24 mois.<\/p>\n<p>&nbsp; &nbsp;10.Prix \u2013 conditions de paiement \u2013 taxes<\/p>\n<p>Les temps d&#039;attente et les temps de d\u00e9placement sont factur\u00e9s au tarif horaire indiqu\u00e9 dans le devis. Les tarifs horaires indiqu\u00e9s dans le devis seront major\u00e9s de 50% si le<\/p>\n<p>intervention, les temps de trajet sont effectu\u00e9s avant 7h30 ou apr\u00e8s 17h00, ou d\u00e9passent 8 heures par jour ou le samedi ; avec 100% si la repr\u00e9sentation, les temps de mouvement sont ex\u00e9cut\u00e9s un dimanche ou un jour f\u00e9ri\u00e9.<\/p>\n<p>Les prix sont toujours indiqu\u00e9s hors TVA. Les conditions et modalit\u00e9s de paiement sont pr\u00e9cis\u00e9es dans le devis. A d\u00e9faut, les produits et services sont payables en totalit\u00e9 30 jours apr\u00e8s la fin du mois de facturation.<\/p>\n<p>En outre, Eazymatic se r\u00e9serve le droit de suspendre l&#039;ex\u00e9cution de ses propres obligations jusqu&#039;au paiement int\u00e9gral des sommes dues.&nbsp; &nbsp; &nbsp; &nbsp; &nbsp; &nbsp; &nbsp; &nbsp; &nbsp; &nbsp; &nbsp; &nbsp; &nbsp; &nbsp; &nbsp; &nbsp; &nbsp; &nbsp; &nbsp;<\/p>\n<p>&nbsp; &nbsp;11.Emballage et transport des pi\u00e8ces de rechange<\/p>\n<p>L&#039;emballage normal et le transport au chantier sont inclus dans le prix du devis. Les emballages seront repris par Eazymatic apr\u00e8s la r\u00e9alisation des travaux.<\/p>\n<ol start=\"12\">\n<li>Informations personnelles<\/li>\n<\/ol>\n<p>Nous nous conformerons aux r\u00e8gles europ\u00e9ennes de confidentialit\u00e9 GDPR. Nous utiliserons vos informations personnelles pour nous permettre de remplir nos obligations envers vous et de g\u00e9rer et d&#039;ex\u00e9cuter votre commande, pour nous permettre d&#039;effectuer des paiements et de vous fournir des services apr\u00e8s-vente et de vous conseiller sur tout probl\u00e8me de garantie que vous avez, vous certains d&#039;autres produits et services que nous pensons susceptibles de vous int\u00e9resser. Nous conserverons vos informations tout au long de la dur\u00e9e de vie de vos ouvre-portails pour nous permettre de vous informer, vous ou d&#039;autres utilisateurs, de toute action requise en rapport avec vos ouvre-portails. Vos donn\u00e9es sont stock\u00e9es sur un syst\u00e8me informatique s\u00e9curis\u00e9.<\/p>\n<p>&nbsp; 13. Attribution de comp\u00e9tence<\/p>\n<p>POUR TOUT LITIGE QUI NE PEUT ETRE REGLE, SERA DE LA SEULE COMPETENCE<\/p>\n<p>CHUTES DES TRIBUNAUX DE TONGER OU SI NON APPLICABLE LE TRIBUNAL COMP\u00c9TENT LE PLUS PROCHE\u00a0; SEULE LA LOI BELGE S&#039;APPLIQUE.<\/p>\t\t\t\t\t\t\t\t<\/div>\n\t\t\t\t<\/div>\n\t\t\t\t\t<\/div>\n\t\t<\/div>\n\t\t\t\t\t<\/div>\n\t\t<\/section>\n\t\t\t\t<\/div>","protected":false},"excerpt":{"rendered":"<p>ALGEMENE VOORWAARDEN VOOR PRESTATIE VAN DIENSTEN&nbsp;&nbsp;&nbsp;&nbsp;&nbsp;&nbsp;&nbsp; Rev.:00-270598 Algemene bepalingen De huidige algemene voorwaarden voor prestaties van diensten zijn geldig voor iedere uitgegeven offerte of ieder door Eazymatic met een klant waarvan het domicilieadres in Belgi\u00eb gevestigd is, bedongen contract&nbsp; . Elke aan Eazymatic opgegeven bestelling brengt mee dat de klant de huidige algemene voorwaarden aanvaardt [&hellip;]<\/p>\n","protected":false},"author":113013063,"featured_media":0,"parent":0,"menu_order":0,"comment_status":"closed","ping_status":"closed","template":"","meta":{"_coblocks_attr":"","_coblocks_dimensions":"","_coblocks_responsive_height":"","_coblocks_accordion_ie_support":"","_crdt_document":"","footnotes":""},"class_list":["post-1863","page","type-page","status-publish","hentry"],"yoast_head":"<!-- This site is optimized with the Yoast SEO plugin v27.4 - https:\/\/yoast.com\/product\/yoast-seo-wordpress\/ -->\n<title>Algemene voorwaarden - poortautomatisatie<\/title>\n<meta name=\"robots\" content=\"index, follow, max-snippet:-1, max-image-preview:large, max-video-preview:-1\" \/>\n<link rel=\"canonical\" href=\"https:\/\/eazymatic.be\/fr\/algemene-voorwaarden\/\" \/>\n<meta property=\"og:locale\" content=\"fr_FR\" \/>\n<meta property=\"og:type\" content=\"article\" \/>\n<meta property=\"og:title\" content=\"Algemene voorwaarden - poortautomatisatie\" \/>\n<meta property=\"og:description\" content=\"ALGEMENE VOORWAARDEN VOOR PRESTATIE VAN DIENSTEN&nbsp;&nbsp;&nbsp;&nbsp;&nbsp;&nbsp;&nbsp; Rev.:00-270598 Algemene bepalingen De huidige algemene voorwaarden voor prestaties van diensten zijn geldig voor iedere uitgegeven offerte of ieder door Eazymatic met een klant waarvan het domicilieadres in Belgi\u00eb gevestigd is, bedongen contract&nbsp; . Elke aan Eazymatic opgegeven bestelling brengt mee dat de klant de huidige algemene voorwaarden aanvaardt [&hellip;]\" \/>\n<meta property=\"og:url\" content=\"https:\/\/eazymatic.be\/fr\/algemene-voorwaarden\/\" \/>\n<meta property=\"og:site_name\" content=\"poortautomatisatie\" \/>\n<meta property=\"article:modified_time\" content=\"2022-08-14T15:44:35+00:00\" \/>\n<meta name=\"twitter:card\" content=\"summary_large_image\" \/>\n<meta name=\"twitter:label1\" content=\"Dur\u00e9e de lecture est.\" \/>\n\t<meta name=\"twitter:data1\" content=\"6 minutes\" \/>\n<script type=\"application\/ld+json\" class=\"yoast-schema-graph\">{\"@context\":\"https:\\\/\\\/schema.org\",\"@graph\":[{\"@type\":\"WebPage\",\"@id\":\"https:\\\/\\\/eazymatic.be\\\/algemene-voorwaarden\\\/\",\"url\":\"https:\\\/\\\/eazymatic.be\\\/algemene-voorwaarden\\\/\",\"name\":\"Algemene voorwaarden - poortautomatisatie\",\"isPartOf\":{\"@id\":\"https:\\\/\\\/eazymatic.be\\\/#website\"},\"datePublished\":\"2022-08-14T15:41:05+00:00\",\"dateModified\":\"2022-08-14T15:44:35+00:00\",\"breadcrumb\":{\"@id\":\"https:\\\/\\\/eazymatic.be\\\/algemene-voorwaarden\\\/#breadcrumb\"},\"inLanguage\":\"fr-BE\",\"potentialAction\":[{\"@type\":\"ReadAction\",\"target\":[\"https:\\\/\\\/eazymatic.be\\\/algemene-voorwaarden\\\/\"]}]},{\"@type\":\"BreadcrumbList\",\"@id\":\"https:\\\/\\\/eazymatic.be\\\/algemene-voorwaarden\\\/#breadcrumb\",\"itemListElement\":[{\"@type\":\"ListItem\",\"position\":1,\"name\":\"Home\",\"item\":\"https:\\\/\\\/eazymatic.be\\\/\"},{\"@type\":\"ListItem\",\"position\":2,\"name\":\"Algemene voorwaarden\"}]},{\"@type\":\"WebSite\",\"@id\":\"https:\\\/\\\/eazymatic.be\\\/#website\",\"url\":\"https:\\\/\\\/eazymatic.be\\\/\",\"name\":\"poortautomatisatie\",\"description\":\"Installatie van poortopeners voor garagepoorten en hekkens\",\"publisher\":{\"@id\":\"https:\\\/\\\/eazymatic.be\\\/#organization\"},\"potentialAction\":[{\"@type\":\"SearchAction\",\"target\":{\"@type\":\"EntryPoint\",\"urlTemplate\":\"https:\\\/\\\/eazymatic.be\\\/?s={search_term_string}\"},\"query-input\":{\"@type\":\"PropertyValueSpecification\",\"valueRequired\":true,\"valueName\":\"search_term_string\"}}],\"inLanguage\":\"fr-BE\"},{\"@type\":\"Organization\",\"@id\":\"https:\\\/\\\/eazymatic.be\\\/#organization\",\"name\":\"poortautomatisatie\",\"url\":\"https:\\\/\\\/eazymatic.be\\\/\",\"logo\":{\"@type\":\"ImageObject\",\"inLanguage\":\"fr-BE\",\"@id\":\"https:\\\/\\\/eazymatic.be\\\/#\\\/schema\\\/logo\\\/image\\\/\",\"url\":\"https:\\\/\\\/i0.wp.com\\\/eazymatic.be\\\/wp-content\\\/uploads\\\/2020\\\/10\\\/logo-eazymatic4-e1639664404886.png?fit=350%2C71&ssl=1\",\"contentUrl\":\"https:\\\/\\\/i0.wp.com\\\/eazymatic.be\\\/wp-content\\\/uploads\\\/2020\\\/10\\\/logo-eazymatic4-e1639664404886.png?fit=350%2C71&ssl=1\",\"width\":350,\"height\":71,\"caption\":\"poortautomatisatie\"},\"image\":{\"@id\":\"https:\\\/\\\/eazymatic.be\\\/#\\\/schema\\\/logo\\\/image\\\/\"}}]}<\/script>\n<!-- \/ Yoast SEO plugin. -->","yoast_head_json":{"title":"Algemene voorwaarden - poortautomatisatie","robots":{"index":"index","follow":"follow","max-snippet":"max-snippet:-1","max-image-preview":"max-image-preview:large","max-video-preview":"max-video-preview:-1"},"canonical":"https:\/\/eazymatic.be\/fr\/algemene-voorwaarden\/","og_locale":"fr_FR","og_type":"article","og_title":"Algemene voorwaarden - poortautomatisatie","og_description":"ALGEMENE VOORWAARDEN VOOR PRESTATIE VAN DIENSTEN&nbsp;&nbsp;&nbsp;&nbsp;&nbsp;&nbsp;&nbsp; Rev.:00-270598 Algemene bepalingen De huidige algemene voorwaarden voor prestaties van diensten zijn geldig voor iedere uitgegeven offerte of ieder door Eazymatic met een klant waarvan het domicilieadres in Belgi\u00eb gevestigd is, bedongen contract&nbsp; . Elke aan Eazymatic opgegeven bestelling brengt mee dat de klant de huidige algemene voorwaarden aanvaardt [&hellip;]","og_url":"https:\/\/eazymatic.be\/fr\/algemene-voorwaarden\/","og_site_name":"poortautomatisatie","article_modified_time":"2022-08-14T15:44:35+00:00","twitter_card":"summary_large_image","twitter_misc":{"Dur\u00e9e de lecture est.":"6 minutes"},"schema":{"@context":"https:\/\/schema.org","@graph":[{"@type":"WebPage","@id":"https:\/\/eazymatic.be\/algemene-voorwaarden\/","url":"https:\/\/eazymatic.be\/algemene-voorwaarden\/","name":"Algemene voorwaarden - poortautomatisatie","isPartOf":{"@id":"https:\/\/eazymatic.be\/#website"},"datePublished":"2022-08-14T15:41:05+00:00","dateModified":"2022-08-14T15:44:35+00:00","breadcrumb":{"@id":"https:\/\/eazymatic.be\/algemene-voorwaarden\/#breadcrumb"},"inLanguage":"fr-BE","potentialAction":[{"@type":"ReadAction","target":["https:\/\/eazymatic.be\/algemene-voorwaarden\/"]}]},{"@type":"BreadcrumbList","@id":"https:\/\/eazymatic.be\/algemene-voorwaarden\/#breadcrumb","itemListElement":[{"@type":"ListItem","position":1,"name":"Home","item":"https:\/\/eazymatic.be\/"},{"@type":"ListItem","position":2,"name":"Algemene voorwaarden"}]},{"@type":"WebSite","@id":"https:\/\/eazymatic.be\/#website","url":"https:\/\/eazymatic.be\/","name":"automatisation de portail","description":"Installation d&#039;ouvre-portes pour portes de garage et portails","publisher":{"@id":"https:\/\/eazymatic.be\/#organization"},"potentialAction":[{"@type":"SearchAction","target":{"@type":"EntryPoint","urlTemplate":"https:\/\/eazymatic.be\/?s={search_term_string}"},"query-input":{"@type":"PropertyValueSpecification","valueRequired":true,"valueName":"search_term_string"}}],"inLanguage":"fr-BE"},{"@type":"Organization","@id":"https:\/\/eazymatic.be\/#organization","name":"automatisation de portail","url":"https:\/\/eazymatic.be\/","logo":{"@type":"ImageObject","inLanguage":"fr-BE","@id":"https:\/\/eazymatic.be\/#\/schema\/logo\/image\/","url":"https:\/\/i0.wp.com\/eazymatic.be\/wp-content\/uploads\/2020\/10\/logo-eazymatic4-e1639664404886.png?fit=350%2C71&ssl=1","contentUrl":"https:\/\/i0.wp.com\/eazymatic.be\/wp-content\/uploads\/2020\/10\/logo-eazymatic4-e1639664404886.png?fit=350%2C71&ssl=1","width":350,"height":71,"caption":"poortautomatisatie"},"image":{"@id":"https:\/\/eazymatic.be\/#\/schema\/logo\/image\/"}}]}},"jetpack_likes_enabled":true,"jetpack_sharing_enabled":true,"jetpack_shortlink":"https:\/\/wp.me\/PcrYjj-u3","_links":{"self":[{"href":"https:\/\/eazymatic.be\/fr\/wp-json\/wp\/v2\/pages\/1863","targetHints":{"allow":["GET"]}}],"collection":[{"href":"https:\/\/eazymatic.be\/fr\/wp-json\/wp\/v2\/pages"}],"about":[{"href":"https:\/\/eazymatic.be\/fr\/wp-json\/wp\/v2\/types\/page"}],"author":[{"embeddable":true,"href":"https:\/\/eazymatic.be\/fr\/wp-json\/wp\/v2\/users\/113013063"}],"replies":[{"embeddable":true,"href":"https:\/\/eazymatic.be\/fr\/wp-json\/wp\/v2\/comments?post=1863"}],"version-history":[{"count":4,"href":"https:\/\/eazymatic.be\/fr\/wp-json\/wp\/v2\/pages\/1863\/revisions"}],"predecessor-version":[{"id":1867,"href":"https:\/\/eazymatic.be\/fr\/wp-json\/wp\/v2\/pages\/1863\/revisions\/1867"}],"wp:attachment":[{"href":"https:\/\/eazymatic.be\/fr\/wp-json\/wp\/v2\/media?parent=1863"}],"curies":[{"name":"wp","href":"https:\/\/api.w.org\/{rel}","templated":true}]}}